{"id":195,"date":"2023-01-14T17:42:10","date_gmt":"2023-01-14T16:42:10","guid":{"rendered":"https:\/\/sk-bebenhausen.schachvereine.de\/?page_id=195"},"modified":"2026-03-06T16:46:54","modified_gmt":"2026-03-06T15:46:54","slug":"monatsblitztunier","status":"publish","type":"page","link":"https:\/\/sk-bebenhausen.schachvereine.de\/?page_id=195","title":{"rendered":"Monatsblitzturnier"},"content":{"rendered":"\t\t<div data-elementor-type=\"wp-page\" data-elementor-id=\"195\" class=\"elementor elementor-195\">\n\t\t\t\t\t\t<section class=\"elementor-section elementor-top-section elementor-element elementor-element-af8f7ad elementor-section-boxed elementor-section-height-default elementor-section-height-default\" data-id=\"af8f7ad\" data-element_type=\"section\" data-e-type=\"section\">\n\t\t\t\t\t\t<div class=\"elementor-container elementor-column-gap-default\">\n\t\t\t\t\t<div class=\"elementor-column elementor-col-100 elementor-top-column elementor-element elementor-element-6b70955\" data-id=\"6b70955\" data-element_type=\"column\" data-e-type=\"column\">\n\t\t\t<div class=\"elementor-widget-wrap elementor-element-populated\">\n\t\t\t\t\t\t<div class=\"elementor-element elementor-element-16021ef elementor-view-default elementor-widget elementor-widget-icon\" data-id=\"16021ef\" data-element_type=\"widget\" data-e-type=\"widget\" data-widget_type=\"icon.default\">\n\t\t\t\t<div class=\"elementor-widget-container\">\n\t\t\t\t\t\t\t<div class=\"elementor-icon-wrapper\">\n\t\t\t<div class=\"elementor-icon\">\n\t\t\t<svg xmlns=\"http:\/\/www.w3.org\/2000\/svg\" id=\"Layer_1\" data-name=\"Layer 1\" viewBox=\"0 0 23.49 38.77\"><defs><style>      .cls-1 {        fill: #e8eaed;        stroke-width: 0px;      }    <\/style><\/defs><path class=\"cls-1\" d=\"M10.02,28.93l7.67-11.05c.26-.37,0-.88-.46-.88h-4.48c-.37,0-.64-.36-.54-.72l3.64-12.57c.1-.36-.17-.72-.54-.72H3.56c-.31,0-.56.25-.56.56v16.88c0,.31.25.56.56.56h4.88c.31,0,.56.25.56.56v7.05c0,.55.71.77,1.02.32ZM6,38.21v-13.65c0-.31-.25-.56-.56-.56H.56c-.31,0-.56-.25-.56-.56V.56c0-.31.25-.56.56-.56h18.7c.37,0,.64.36.54.71l-3.59,12.57c-.1.36.17.71.54.71h6.19c.45,0,.72.51.46.88L7.02,38.52c-.31.45-1.02.23-1.02-.32ZM9,21H3h6Z\"><\/path><\/svg>\t\t\t<\/div>\n\t\t<\/div>\n\t\t\t\t\t\t<\/div>\n\t\t\t\t<\/div>\n\t\t\t\t\t<\/div>\n\t\t<\/div>\n\t\t\t\t\t<\/div>\n\t\t<\/section>\n\t\t\t\t<section class=\"elementor-section elementor-top-section elementor-element elementor-element-9492a3a elementor-section-boxed elementor-section-height-default elementor-section-height-default\" data-id=\"9492a3a\" data-element_type=\"section\" data-e-type=\"section\">\n\t\t\t\t\t\t<div class=\"elementor-container elementor-column-gap-default\">\n\t\t\t\t\t<div class=\"elementor-column elementor-col-100 elementor-top-column elementor-element elementor-element-4d2471f\" data-id=\"4d2471f\" data-element_type=\"column\" data-e-type=\"column\">\n\t\t\t<div class=\"elementor-widget-wrap elementor-element-populated\">\n\t\t\t\t\t\t<div class=\"elementor-element elementor-element-fb21f7f elementor-widget elementor-widget-heading\" data-id=\"fb21f7f\" data-element_type=\"widget\" data-e-type=\"widget\" data-widget_type=\"heading.default\">\n\t\t\t\t<div class=\"elementor-widget-container\">\n\t\t\t\t\t<h2 class=\"elementor-heading-title elementor-size-default\">Monatsblitztunier mit Fide-Elo Auswertung<\/h2>\t\t\t\t<\/div>\n\t\t\t\t<\/div>\n\t\t\t\t\t<\/div>\n\t\t<\/div>\n\t\t\t\t\t<\/div>\n\t\t<\/section>\n\t\t\t\t<section class=\"elementor-section elementor-top-section elementor-element elementor-element-9b6481f elementor-section-boxed elementor-section-height-default elementor-section-height-default\" data-id=\"9b6481f\" data-element_type=\"section\" data-e-type=\"section\">\n\t\t\t\t\t\t<div class=\"elementor-container elementor-column-gap-default\">\n\t\t\t\t\t<div class=\"elementor-column elementor-col-100 elementor-top-column elementor-element elementor-element-a35b753\" data-id=\"a35b753\" data-element_type=\"column\" data-e-type=\"column\">\n\t\t\t<div class=\"elementor-widget-wrap elementor-element-populated\">\n\t\t\t\t\t\t<div class=\"elementor-element elementor-element-3e27776 elementor-widget elementor-widget-text-editor\" data-id=\"3e27776\" data-element_type=\"widget\" data-e-type=\"widget\" data-widget_type=\"text-editor.default\">\n\t\t\t\t<div class=\"elementor-widget-container\">\n\t\t\t\t\t\t\t\t\t<div>Liebe Schachbegeisterte,<\/div><div><p>wir freuen uns, euch zu unserem Monatsblitzturnier einzuladen, das immer am ersten Freitag eines Monats stattfindet. Unser Turnier richtet sich an alle Altersklassen und Erfahrungsstufen, egal ob jung oder alt, Anf\u00e4nger oder Fortgeschrittene. Offenes Monatsblitzturnier des SK Bebenhausen mit 15 Runden Schweizer System nach strengen FIDE-Regeln, mit Blitzelo-Auswertung und Jahreswertung. Anmeldung ist von 18:30 Uhr bis 19 Uhr. Um 19 Uhr ist Turnierstart und keine Teilnahme mehr m\u00f6glich! Gespielt wird mit einer Bedenkzeit von 3 Minuten Plus 2 Sekunden f\u00fcr jeden Zug. Dieses Turnier findet seit 19 Jahren statt. Die Teilnehmerzahlen:<\/p><p><img fetchpriority=\"high\" decoding=\"async\" class=\"size-large wp-image-1692 aligncenter\" src=\"https:\/\/sk-bebenhausen.schachvereine.de\/wp-content\/uploads\/2026\/03\/Artboard-132-1024x401.png\" alt=\"\" width=\"1024\" height=\"401\" srcset=\"https:\/\/sk-bebenhausen.schachvereine.de\/wp-content\/uploads\/2026\/03\/Artboard-132-1024x401.png 1024w, https:\/\/sk-bebenhausen.schachvereine.de\/wp-content\/uploads\/2026\/03\/Artboard-132-300x118.png 300w, https:\/\/sk-bebenhausen.schachvereine.de\/wp-content\/uploads\/2026\/03\/Artboard-132-768x301.png 768w, https:\/\/sk-bebenhausen.schachvereine.de\/wp-content\/uploads\/2026\/03\/Artboard-132.png 1146w\" sizes=\"(max-width: 1024px) 100vw, 1024px\" \/><\/p><p>Das Turnier findet in der Begegnungsst\u00e4tte Hirsch in der T\u00fcbinger Altstadt statt. Wir haben uns daf\u00fcr entschieden, keine Startgeb\u00fchren zu erheben. Am Ende des Jahres werden wir eine Jahresauswertung durchf\u00fchren, bei der es attraktive Geldpreise zu gewinnen gibt:<\/p><\/div><ul><li>Erster Platz: 100\u20ac<\/li><li>Zweiter Platz: 90\u20ac<\/li><li>Dritter Platz: 80\u20ac<\/li><li>Vierter Platz: 70\u20ac<\/li><li>F\u00fcnfter Platz: 60\u20ac<\/li><li>Sonderpreis f\u00fcr den besten Spieler unter DWZ 2000: 50\u20ac<\/li><li>Sonderpreis f\u00fcr den besten Spieler unter DWZ 1800: 40\u20ac<\/li><li>Sonderpreis f\u00fcr den besten Spieler unter DWZ 1600: 30\u20ac<\/li><li>Sonderpreis f\u00fcr den besten Spieler unter DWZ 1400: 20\u20ac<\/li><li>Sonderpreis f\u00fcr den besten Spieler unter DWZ 1200: 10\u20ac<\/li><\/ul><p>Es gelten die DWZen vom Schachbund vom 15.12.2023, 23:59 Uhr. Der h\u00f6here Preis geht immer vor. Jeder Preis wird nur bei mindestens 3 Teilnehmern in dieser Kategorie f\u00e4llig. Wer keine DWZ, aber eine Blitzelo hat, bei dem z\u00e4hlt die Blitzelo.\u00a0<\/p><ul><li>bei Punktgleichheit im Turnier entscheidet die Buchholz-Wertung mit einem Streichergebnis, danach eine Blitzpartie mit wechselnden Farben.<\/li><li>weiterhin drei Streichresultate f\u00fcr die Jahreswertung.<\/li><li>bei Punktgleichheit in der Jahreswertung entscheidet die geringere Anzahl an Turnierteilnahmen.\u00a0weiterhin soll jedes Monatsblitzturnier bis sp\u00e4testens 24 Uhr beendet sein.<\/li><li>Auf Wunsch der Mehrzahl der Teilnehmer spielen wir weiterhin 3 Minuten + 2 Sekunden Inkrement. Das hei\u00dft, erst der zweite unm\u00f6gliche Zug verliert. Der erste unm\u00f6gliche Zug beschert dem Gegner eine Minute. Alle Monats-Blitzturniere des SK Bebenhausen im Jahr 2026 werden Blitzelo-ausgewertet. Das hei\u00dft, mitspielen kann nur, wer eine FIDE-ID hat. Wer noch keine FIDE-ID hat, beantragt diese unbedingt im Vorfeld bei Andreas Klein (elo@schachbund.com). Wie unter &#8222;<a href=\"https:\/\/www.schachbund.de\/fide-identifikationsnummer.html\">https:\/\/www.schachbund.de\/fide-identifikationsnummer.html<\/a>&#8220; steht, sind die Anforderungen peinlich genau einzuhalten!\u00a0<\/li><\/ul>\t\t\t\t\t\t\t\t<\/div>\n\t\t\t\t<\/div>\n\t\t\t\t<div class=\"elementor-element elementor-element-c17c656 elementor-align-center elementor-widget elementor-widget-button\" data-id=\"c17c656\" data-element_type=\"widget\" data-e-type=\"widget\" data-widget_type=\"button.default\">\n\t\t\t\t<div class=\"elementor-widget-container\">\n\t\t\t\t\t\t\t\t\t<div class=\"elementor-button-wrapper\">\n\t\t\t\t\t<a class=\"elementor-button elementor-button-link elementor-size-lg\" href=\"https:\/\/www.schachbund.de\/dwz.html\">\n\t\t\t\t\t\t<span class=\"elementor-button-content-wrapper\">\n\t\t\t\t\t\t\t\t\t<span class=\"elementor-button-text\">DWZ Schachbund<\/span>\n\t\t\t\t\t<\/span>\n\t\t\t\t\t<\/a>\n\t\t\t\t<\/div>\n\t\t\t\t\t\t\t\t<\/div>\n\t\t\t\t<\/div>\n\t\t\t\t\t<\/div>\n\t\t<\/div>\n\t\t\t\t\t<\/div>\n\t\t<\/section>\n\t\t\t\t<section class=\"elementor-section elementor-top-section elementor-element elementor-element-2cfdd63 elementor-section-boxed elementor-section-height-default elementor-section-height-default\" data-id=\"2cfdd63\" data-element_type=\"section\" data-e-type=\"section\">\n\t\t\t\t\t\t<div class=\"elementor-container elementor-column-gap-default\">\n\t\t\t\t\t<div class=\"elementor-column elementor-col-100 elementor-top-column elementor-element elementor-element-7e84794\" data-id=\"7e84794\" data-element_type=\"column\" data-e-type=\"column\">\n\t\t\t<div class=\"elementor-widget-wrap elementor-element-populated\">\n\t\t\t\t\t\t<div class=\"elementor-element elementor-element-c12bb7b elementor-widget elementor-widget-text-editor\" data-id=\"c12bb7b\" data-element_type=\"widget\" data-e-type=\"widget\" data-widget_type=\"text-editor.default\">\n\t\t\t\t<div class=\"elementor-widget-container\">\n\t\t\t\t\t\t\t\t\t<p>Die N\u00e4chsten Termine f\u00fcr das Jahr 2026 sind am:\u00a0<\/p><ul><li>6. M\u00e4rz<\/li><li>3. April<\/li><li>1. Mai<\/li><li>5. Juni<\/li><li>3. Juli<\/li><li>7. August\u00a0<\/li><li>4. September<\/li><li>2. Oktober<\/li><li>6. November<\/li><li>4. Dezember<\/li><\/ul><p>Wir freuen uns darauf, euch bei unserem Monatsblitzturnier willkommen zu hei\u00dfen und gemeinsam eine unterhaltsame Zeit zu verbringen.<\/p>\t\t\t\t\t\t\t\t<\/div>\n\t\t\t\t<\/div>\n\t\t\t\t\t<\/div>\n\t\t<\/div>\n\t\t\t\t\t<\/div>\n\t\t<\/section>\n\t\t\t\t<\/div>\n\t\t","protected":false},"excerpt":{"rendered":"<p>Monatsblitztunier mit Fide-Elo Auswertung Liebe Schachbegeisterte, wir freuen uns, euch zu unserem Monatsblitzturnier einzuladen, das immer am ersten Freitag eines Monats stattfindet. Unser Turnier richtet sich an alle Altersklassen und Erfahrungsstufen, egal ob jung oder alt, Anf\u00e4nger oder Fortgeschrittene. Offenes Monatsblitzturnier des SK Bebenhausen mit 15 Runden Schweizer System nach strengen FIDE-Regeln, mit Blitzelo-Auswertung und [&hellip;]<\/p>\n","protected":false},"author":1,"featured_media":0,"parent":0,"menu_order":0,"comment_status":"closed","ping_status":"closed","template":"","meta":{"footnotes":""},"class_list":["post-195","page","type-page","status-publish","hentry","wpbf-post"],"rttpg_featured_image_url":null,"rttpg_author":{"display_name":"30051992","author_link":"https:\/\/sk-bebenhausen.schachvereine.de\/?author=1"},"rttpg_comment":0,"rttpg_category":null,"rttpg_excerpt":"Monatsblitztunier mit Fide-Elo Auswertung Liebe Schachbegeisterte, wir freuen uns, euch zu unserem Monatsblitzturnier einzuladen, das immer am ersten Freitag eines Monats stattfindet. Unser Turnier richtet sich an alle Altersklassen und Erfahrungsstufen, egal ob jung oder alt, Anf\u00e4nger oder Fortgeschrittene. Offenes Monatsblitzturnier des SK Bebenhausen mit 15 Runden Schweizer System nach strengen FIDE-Regeln, mit Blitzelo-Auswertung und&hellip;","_links":{"self":[{"href":"https:\/\/sk-bebenhausen.schachvereine.de\/index.php?rest_route=\/wp\/v2\/pages\/195","targetHints":{"allow":["GET"]}}],"collection":[{"href":"https:\/\/sk-bebenhausen.schachvereine.de\/index.php?rest_route=\/wp\/v2\/pages"}],"about":[{"href":"https:\/\/sk-bebenhausen.schachvereine.de\/index.php?rest_route=\/wp\/v2\/types\/page"}],"author":[{"embeddable":true,"href":"https:\/\/sk-bebenhausen.schachvereine.de\/index.php?rest_route=\/wp\/v2\/users\/1"}],"replies":[{"embeddable":true,"href":"https:\/\/sk-bebenhausen.schachvereine.de\/index.php?rest_route=%2Fwp%2Fv2%2Fcomments&post=195"}],"version-history":[{"count":138,"href":"https:\/\/sk-bebenhausen.schachvereine.de\/index.php?rest_route=\/wp\/v2\/pages\/195\/revisions"}],"predecessor-version":[{"id":1695,"href":"https:\/\/sk-bebenhausen.schachvereine.de\/index.php?rest_route=\/wp\/v2\/pages\/195\/revisions\/1695"}],"wp:attachment":[{"href":"https:\/\/sk-bebenhausen.schachvereine.de\/index.php?rest_route=%2Fwp%2Fv2%2Fmedia&parent=195"}],"curies":[{"name":"wp","href":"https:\/\/api.w.org\/{rel}","templated":true}]}}